{"id":592,"date":"2014-07-09T15:49:22","date_gmt":"2014-07-09T15:49:22","guid":{"rendered":"http:\/\/192.168.1.104\/restaurant\/?page_id=14"},"modified":"2026-02-26T17:15:11","modified_gmt":"2026-02-26T16:15:11","slug":"reservations","status":"publish","type":"page","link":"https:\/\/www.martinihof-faakersee.at\/?page_id=592","title":{"rendered":"Wohnen &#038; Schlafen"},"content":{"rendered":"\n<style type=\"text\/css\" data-created_by=\"avia_inline_auto\" id=\"style-css-av-5z0ax4-85c23d02133969ce9e6d45767183a94a\">\n.avia-section.av-5z0ax4-85c23d02133969ce9e6d45767183a94a .av-parallax .av-parallax-inner{\nbackground-repeat:no-repeat;\nbackground-image:url(https:\/\/www.martinihof-faakersee.at\/wp-content\/uploads\/2023\/04\/DSC_0215.jpg);\nbackground-position:50% 100%;\nbackground-attachment:scroll;\n}\n<\/style>\n<div id='av_section_1'  class='avia-section av-5z0ax4-85c23d02133969ce9e6d45767183a94a main_color avia-section-default avia-no-shadow  avia-builder-el-0  el_before_av_section  avia-builder-el-first  avia-full-stretch av-parallax-section avia-bg-style-parallax container_wrap fullsize'  data-section-bg-repeat='stretch'><div class='av-parallax' data-avia-parallax-ratio='0.3' ><div class='av-parallax-inner main_color avia-full-stretch'><\/div><\/div><div class='container av-section-cont-open' ><main  role=\"main\" itemprop=\"mainContentOfPage\"  class='template-page content  av-content-full alpha units'><div class='post-entry post-entry-type-page post-entry-592'><div class='entry-content-wrapper clearfix'>\n<\/div><\/div><\/main><!-- close content main element --><\/div><\/div><div id='av_section_2'  class='avia-section av-5qcvi0-e704e8eabad7f2e214eebb2a127ab2c7 main_color avia-section-large avia-no-border-styling  avia-builder-el-1  el_after_av_section  el_before_av_section  avia-bg-style-scroll container_wrap fullsize'  ><div class='container av-section-cont-open' ><div class='template-page content  av-content-full alpha units'><div class='post-entry post-entry-type-page post-entry-592'><div class='entry-content-wrapper clearfix'>\n<div class='flex_column av-eslao-2aa5b89ec1d2aded0fb35df56f6583b0 av_one_half  avia-builder-el-2  el_before_av_one_half  avia-builder-el-first  first flex_column_div '     ><section  class='av_textblock_section av-lfifz3kr-143daa1f635ec4d1f747658b143904bd'  itemscope=\"itemscope\" itemtype=\"https:\/\/schema.org\/CreativeWork\" ><div class='avia_textblock'  itemprop=\"text\" ><h4><strong>SOMMERFRISCHE WIE DAMALS \u2013 NATUR ERLEBEN \u2013 ENTSPANNEN<\/strong><br \/>\n<strong>UND GENIESSEN<\/strong><\/h4>\n<p>Wer der Hektik des Alltags entfliehen m\u00f6chte ist bei uns genau richtig!<\/p>\n<p>Hier, am Fu\u00dfe der Karawanken und oberhalb des Faakersees, in einem Kleinod inmitten unber\u00fchrter Natur dem morgendlichen Vogelgezwitscher lauschen oder beim n\u00e4chtlichen Blick zum klaren Sternenhimmel die Seele baumeln lassen. Gutes Essen, reines Quellwasser, gesellige Abendstunden und entspannter Schlaf, frische Luft und Natur, Bewegen zwischen W\u00e4ldern, Bergen und Seen\u2026<\/p>\n<p>Genie\u00dfen Sie entspannte Tage in unseren individuell und liebevoll eingerichteten Zimmern und Appartements\u2026<\/p>\n<\/div><\/section><\/div><div class='flex_column av-993yw-e6266bbbba497653b3b77ccb54b3e979 av_one_half  avia-builder-el-4  el_after_av_one_half  el_before_av_hr  flex_column_div '     ><section  class='av_textblock_section av-lfifpvfs-dbaaf7b26cdd76abd616b110d0698eda'  itemscope=\"itemscope\" itemtype=\"https:\/\/schema.org\/CreativeWork\" ><div class='avia_textblock'  itemprop=\"text\" ><h4><strong>Wir bieten unseren Hausg\u00e4sten: <br class=\"avia-permanent-lb\" \/><\/strong><\/h4>\n<p><!--more--><\/p>\n<ul>\n<li>Urlaub in famili\u00e4rer Atmosph\u00e4re<\/li>\n<li>gem\u00fctliche G\u00e4stezimmer und Appartements, nach Wunsch mit oder ohne Fr\u00fchst\u00fcck<\/li>\n<li>Restaurant mit alter Bauernstube, Wintergarten, Terrasse, Gastgarten und Bar<\/li>\n<li>Ben\u00fctzung der hauseigenen Sauna (kostenpflichtig)<\/li>\n<li>kinderfreundlich &#8211; Spielplatz, Tischtennis, Tipi, Spielzeug, Kinderb\u00fccher, gro\u00dfe Freifl\u00e4chen<\/li>\n<li>Baden im Strandbad am Aichwaldsee \u2013 freier Eintritt f\u00fcr unsere Hausg\u00e4ste<\/li>\n<li>Hunde sind willkommen \u2013 Bitte beachten Sie dazu unseren Infofolder bez\u00fcglich Kosten und Hausregeln<\/li>\n<li>Hausbibliothek \u2013 mit einer kleinen, aber feinen Auswahl an Belletristik, Sachb\u00fcchern und Lyrik<\/li>\n<li>gratis Parkm\u00f6glichkeiten<\/li>\n<li>gratis Erlebniscard \u2013 mit einem vielseitigen Programm aus Sport-, Kultur- und Naturangeboten<\/li>\n<li>\u00a0Lage inmitten der Natur \u2013 spazieren, wandern, radfahren, bergsteigen, \u2026 direkt vom Hof aus<\/li>\n<li>viele Bade- und Ausflugsziele sind mit dem Auto schnell erreichbar\u2026<\/li>\n<\/ul>\n<\/div><\/section><\/div>\n<style type=\"text\/css\" data-created_by=\"avia_inline_auto\" id=\"style-css-av-lf40muo9-9ae5131d5305e9cbe747e682f05f7e1d\">\n#top .hr.av-lf40muo9-9ae5131d5305e9cbe747e682f05f7e1d{\nmargin-top:30px;\nmargin-bottom:30px;\n}\n.hr.av-lf40muo9-9ae5131d5305e9cbe747e682f05f7e1d .hr-inner{\nwidth:50px;\n}\n<\/style>\n<div  class='hr av-lf40muo9-9ae5131d5305e9cbe747e682f05f7e1d hr-custom  avia-builder-el-6  el_after_av_one_half  el_before_av_one_full  hr-center hr-icon-no'><span class='hr-inner inner-border-av-border-none'><span class=\"hr-inner-style\"><\/span><\/span><\/div>\n<div class='flex_column av-hlqi0-5a757b30f699739830b3f61decae101a av_one_full  avia-builder-el-7  el_after_av_hr  avia-builder-el-last  first flex_column_div '     ><article  class='iconbox iconbox_top av-lg50sobt-253e042e7342b3a6e3360bc647f1ed6e  avia-builder-el-8  avia-builder-el-no-sibling  main_color'  itemscope=\"itemscope\" itemtype=\"https:\/\/schema.org\/CreativeWork\" ><div class=\"iconbox_content\"><header class=\"entry-content-header\"><div class=\"iconbox_icon heading-color\" aria-hidden='true' data-av_icon='\ue81e' data-av_iconfont='entypo-fontello'><\/div><\/header><div class='iconbox_content_container '  itemprop=\"text\" ><h2 style=\"text-align: center;\"><a href=\"https:\/\/www.martinihof-faakersee.at\/?page_id=1710\">Unsere Preisliste!<\/a><\/h2>\n<\/div><\/div><footer class=\"entry-footer\"><\/footer><\/article><\/div><\/div><\/div><\/div><!-- close content main div --><\/div><\/div><div id='av_section_3'  class='avia-section av-1u8ve8-452182386d4263417965014e9e237190 alternate_color avia-section-default avia-no-shadow  avia-builder-el-9  el_after_av_section  avia-builder-el-last  avia-bg-style-scroll container_wrap fullsize'  ><div class='container av-section-cont-open' ><div class='template-page content  av-content-full alpha units'><div class='post-entry post-entry-type-page post-entry-592'><div class='entry-content-wrapper clearfix'>\n<div class='flex_column av-1owaiw-a10d05ce9b76445339a0f231912b663e av_one_third  avia-builder-el-10  el_before_av_one_third  avia-builder-el-first  first flex_column_div '     ><p>\n<style type=\"text\/css\" data-created_by=\"avia_inline_auto\" id=\"style-css-av-1ir53s-e7ec2fa64b22ea67715d244b7ef7e611\">\n#top .av-special-heading.av-1ir53s-e7ec2fa64b22ea67715d244b7ef7e611{\npadding-bottom:20px;\n}\nbody .av-special-heading.av-1ir53s-e7ec2fa64b22ea67715d244b7ef7e611 .av-special-heading-tag .heading-char{\nfont-size:25px;\n}\n.av-special-heading.av-1ir53s-e7ec2fa64b22ea67715d244b7ef7e611 .av-subheading{\nfont-size:15px;\n}\n<\/style>\n<div  class='av-special-heading av-1ir53s-e7ec2fa64b22ea67715d244b7ef7e611 av-special-heading-h2 blockquote modern-quote  avia-builder-el-11  el_before_av_image  avia-builder-el-first  av-thin-font'><h2 class='av-special-heading-tag'  itemprop=\"headline\"  ><strong>Essen <span class='special_amp'>&amp;<\/span> Trinken<\/strong><\/h2><div class=\"special-heading-border\"><div class=\"special-heading-inner-border\"><\/div><\/div><\/div><br \/>\n\n<style type=\"text\/css\" data-created_by=\"avia_inline_auto\" id=\"style-css-av-1g3ecg-cabc93c4e7bd85bcee12a6d3145cc6df\">\n.avia-image-container.av-1g3ecg-cabc93c4e7bd85bcee12a6d3145cc6df img.avia_image{\nbox-shadow:none;\n}\n.avia-image-container.av-1g3ecg-cabc93c4e7bd85bcee12a6d3145cc6df .av-image-caption-overlay-center{\ncolor:#ffffff;\n}\n<\/style>\n<div  class='avia-image-container av-1g3ecg-cabc93c4e7bd85bcee12a6d3145cc6df av-styling- avia-align-center  avia-builder-el-12  el_after_av_heading  el_before_av_textblock '   itemprop=\"image\" itemscope=\"itemscope\" itemtype=\"https:\/\/schema.org\/ImageObject\" ><div class=\"avia-image-container-inner\"><div class=\"avia-image-overlay-wrap\"><a href=\"https:\/\/www.martinihof-faakersee.at\/?page_id=129\" class='avia_image' ><img decoding=\"async\" class='wp-image-1059 avia-img-lazy-loading-not-1059 avia_image ' src=\"https:\/\/www.martinihof-faakersee.at\/wp-content\/uploads\/2023\/04\/Brettljause.jpg\" alt='' title='Brettljause'  height=\"1200\" width=\"1805\"  itemprop=\"thumbnailUrl\" srcset=\"https:\/\/www.martinihof-faakersee.at\/wp-content\/uploads\/2023\/04\/Brettljause.jpg 1805w, https:\/\/www.martinihof-faakersee.at\/wp-content\/uploads\/2023\/04\/Brettljause-300x199.jpg 300w, https:\/\/www.martinihof-faakersee.at\/wp-content\/uploads\/2023\/04\/Brettljause-1030x685.jpg 1030w, https:\/\/www.martinihof-faakersee.at\/wp-content\/uploads\/2023\/04\/Brettljause-768x511.jpg 768w, https:\/\/www.martinihof-faakersee.at\/wp-content\/uploads\/2023\/04\/Brettljause-1536x1021.jpg 1536w, https:\/\/www.martinihof-faakersee.at\/wp-content\/uploads\/2023\/04\/Brettljause-1500x997.jpg 1500w, https:\/\/www.martinihof-faakersee.at\/wp-content\/uploads\/2023\/04\/Brettljause-705x469.jpg 705w\" sizes=\"(max-width: 1805px) 100vw, 1805px\" \/><\/a><\/div><\/div><\/div><br \/>\n<section  class='av_textblock_section av-1b2vw0-96b2a24de000868ae033c0417f8b69b1'  itemscope=\"itemscope\" itemtype=\"https:\/\/schema.org\/CreativeWork\" ><div class='avia_textblock'  itemprop=\"text\" ><\/div><\/section><\/p><\/div><div class='flex_column av-13rro0-12483bb6be92c151ee2b8e1378476c82 av_one_third  avia-builder-el-14  el_after_av_one_third  el_before_av_one_third  flex_column_div '     ><p>\n<style type=\"text\/css\" data-created_by=\"avia_inline_auto\" id=\"style-css-av-v9ujs-750db37a2e8d02202e056a633a684188\">\n#top .av-special-heading.av-v9ujs-750db37a2e8d02202e056a633a684188{\npadding-bottom:20px;\n}\nbody .av-special-heading.av-v9ujs-750db37a2e8d02202e056a633a684188 .av-special-heading-tag .heading-char{\nfont-size:25px;\n}\n.av-special-heading.av-v9ujs-750db37a2e8d02202e056a633a684188 .av-subheading{\nfont-size:15px;\n}\n<\/style>\n<div  class='av-special-heading av-v9ujs-750db37a2e8d02202e056a633a684188 av-special-heading-h2 blockquote modern-quote  avia-builder-el-15  el_before_av_image  avia-builder-el-first  av-thin-font'><h2 class='av-special-heading-tag'  itemprop=\"headline\"  ><strong>Fest-Stadel<\/strong><\/h2><div class=\"special-heading-border\"><div class=\"special-heading-inner-border\"><\/div><\/div><\/div><br \/>\n\n<style type=\"text\/css\" data-created_by=\"avia_inline_auto\" id=\"style-css-av-2igmo-eabea8037b6fbf2352414395a6939182\">\n.avia-image-container.av-2igmo-eabea8037b6fbf2352414395a6939182 img.avia_image{\nbox-shadow:none;\n}\n.avia-image-container.av-2igmo-eabea8037b6fbf2352414395a6939182 .av-image-caption-overlay-center{\ncolor:#ffffff;\n}\n<\/style>\n<div  class='avia-image-container av-2igmo-eabea8037b6fbf2352414395a6939182 av-styling- avia-align-center  avia-builder-el-16  el_after_av_heading  el_before_av_textblock '   itemprop=\"image\" itemscope=\"itemscope\" itemtype=\"https:\/\/schema.org\/ImageObject\" ><div class=\"avia-image-container-inner\"><div class=\"avia-image-overlay-wrap\"><a href=\"https:\/\/www.martinihof-faakersee.at\/?page_id=26\" class='avia_image' ><img decoding=\"async\" class='wp-image-1062 avia-img-lazy-loading-not-1062 avia_image ' src=\"https:\/\/www.martinihof-faakersee.at\/wp-content\/uploads\/2023\/04\/DSC_0267.jpg\" alt='' title=''  height=\"1200\" width=\"1805\"  itemprop=\"thumbnailUrl\" srcset=\"https:\/\/www.martinihof-faakersee.at\/wp-content\/uploads\/2023\/04\/DSC_0267.jpg 1805w, https:\/\/www.martinihof-faakersee.at\/wp-content\/uploads\/2023\/04\/DSC_0267-300x199.jpg 300w, https:\/\/www.martinihof-faakersee.at\/wp-content\/uploads\/2023\/04\/DSC_0267-1030x685.jpg 1030w, https:\/\/www.martinihof-faakersee.at\/wp-content\/uploads\/2023\/04\/DSC_0267-768x511.jpg 768w, https:\/\/www.martinihof-faakersee.at\/wp-content\/uploads\/2023\/04\/DSC_0267-1536x1021.jpg 1536w, https:\/\/www.martinihof-faakersee.at\/wp-content\/uploads\/2023\/04\/DSC_0267-1500x997.jpg 1500w, https:\/\/www.martinihof-faakersee.at\/wp-content\/uploads\/2023\/04\/DSC_0267-705x469.jpg 705w\" sizes=\"(max-width: 1805px) 100vw, 1805px\" \/><\/a><\/div><\/div><\/div><br \/>\n<section  class='av_textblock_section av-ixur4-bcd634dbfec40c53dca109426067e5e2'  itemscope=\"itemscope\" itemtype=\"https:\/\/schema.org\/CreativeWork\" ><div class='avia_textblock'  itemprop=\"text\" ><\/div><\/section><\/p><\/div><div class='flex_column av-1pp4w-12088f9caa682a4be7fae4b54f7cf407 av_one_third  avia-builder-el-18  el_after_av_one_third  avia-builder-el-last  flex_column_div '     ><p>\n<style type=\"text\/css\" data-created_by=\"avia_inline_auto\" id=\"style-css-av-lf404izd-b6ea6fff487968e4636464ba7681e4ff\">\n#top .av-special-heading.av-lf404izd-b6ea6fff487968e4636464ba7681e4ff{\npadding-bottom:20px;\n}\nbody .av-special-heading.av-lf404izd-b6ea6fff487968e4636464ba7681e4ff .av-special-heading-tag .heading-char{\nfont-size:25px;\n}\n.av-special-heading.av-lf404izd-b6ea6fff487968e4636464ba7681e4ff .av-subheading{\nfont-size:15px;\n}\n<\/style>\n<div  class='av-special-heading av-lf404izd-b6ea6fff487968e4636464ba7681e4ff av-special-heading-h2 blockquote modern-quote  avia-builder-el-19  el_before_av_image  avia-builder-el-first  av-thin-font'><h2 class='av-special-heading-tag'  itemprop=\"headline\"  ><strong>Jetzt Anfragen<\/strong><\/h2><div class=\"special-heading-border\"><div class=\"special-heading-inner-border\"><\/div><\/div><\/div><br \/>\n\n<style type=\"text\/css\" data-created_by=\"avia_inline_auto\" id=\"style-css-av-lf402re9-287597a60eff2b43f77961ab1af8abac\">\n.avia-image-container.av-lf402re9-287597a60eff2b43f77961ab1af8abac img.avia_image{\nbox-shadow:none;\n}\n.avia-image-container.av-lf402re9-287597a60eff2b43f77961ab1af8abac .av-image-caption-overlay-center{\ncolor:#ffffff;\n}\n<\/style>\n<div  class='avia-image-container av-lf402re9-287597a60eff2b43f77961ab1af8abac av-styling- avia-align-center  avia-builder-el-20  el_after_av_heading  el_before_av_textblock '   itemprop=\"image\" itemscope=\"itemscope\" itemtype=\"https:\/\/schema.org\/ImageObject\" ><div class=\"avia-image-container-inner\"><div class=\"avia-image-overlay-wrap\"><a href=\"https:\/\/www.martinihof-faakersee.at\/?page_id=17\" class='avia_image' ><img decoding=\"async\" class='wp-image-1076 avia-img-lazy-loading-not-1076 avia_image ' src=\"https:\/\/www.martinihof-faakersee.at\/wp-content\/uploads\/2023\/04\/IMG_20221010_162742-1500x1125.jpg\" alt='' title=''  height=\"1125\" width=\"1500\"  itemprop=\"thumbnailUrl\" srcset=\"https:\/\/www.martinihof-faakersee.at\/wp-content\/uploads\/2023\/04\/IMG_20221010_162742-1500x1125.jpg 1500w, https:\/\/www.martinihof-faakersee.at\/wp-content\/uploads\/2023\/04\/IMG_20221010_162742-300x225.jpg 300w, https:\/\/www.martinihof-faakersee.at\/wp-content\/uploads\/2023\/04\/IMG_20221010_162742-1030x773.jpg 1030w, https:\/\/www.martinihof-faakersee.at\/wp-content\/uploads\/2023\/04\/IMG_20221010_162742-768x576.jpg 768w, https:\/\/www.martinihof-faakersee.at\/wp-content\/uploads\/2023\/04\/IMG_20221010_162742-1536x1152.jpg 1536w, https:\/\/www.martinihof-faakersee.at\/wp-content\/uploads\/2023\/04\/IMG_20221010_162742-705x529.jpg 705w, https:\/\/www.martinihof-faakersee.at\/wp-content\/uploads\/2023\/04\/IMG_20221010_162742.jpg 1600w\" sizes=\"(max-width: 1500px) 100vw, 1500px\" \/><\/a><\/div><\/div><\/div><br \/>\n<section  class='av_textblock_section av-vwls-249e10f657f471b3e93c586803ac3250'  itemscope=\"itemscope\" itemtype=\"https:\/\/schema.org\/CreativeWork\" ><div class='avia_textblock'  itemprop=\"text\" ><\/div><\/section><\/p><\/div>\n<\/p>\n","protected":false},"excerpt":{"rendered":"<p>Wir bieten unseren Hausg\u00e4sten:<\/p>\n","protected":false},"author":1,"featured_media":0,"parent":0,"menu_order":0,"comment_status":"open","ping_status":"closed","template":"","meta":{"footnotes":""},"class_list":["post-592","page","type-page","status-publish","hentry"],"yoast_head":"<!-- This site is optimized with the Yoast SEO plugin v27.0 - https:\/\/yoast.com\/product\/yoast-seo-wordpress\/ -->\n<title>Wohnen &amp; Schlafen - Martinihof-Faakersee<\/title>\n<meta name=\"robots\" content=\"index, follow, max-snippet:-1, max-image-preview:large, max-video-preview:-1\" \/>\n<link rel=\"canonical\" href=\"https:\/\/www.martinihof-faakersee.at\/?page_id=592\" \/>\n<meta property=\"og:locale\" content=\"de_DE\" \/>\n<meta property=\"og:type\" content=\"article\" \/>\n<meta property=\"og:title\" content=\"Wohnen &amp; Schlafen - Martinihof-Faakersee\" \/>\n<meta property=\"og:description\" content=\"Wir bieten unseren Hausg\u00e4sten:\" \/>\n<meta property=\"og:url\" content=\"https:\/\/www.martinihof-faakersee.at\/?page_id=592\" \/>\n<meta property=\"og:site_name\" content=\"Martinihof-Faakersee\" \/>\n<meta property=\"article:publisher\" content=\"https:\/\/www.facebook.com\/profile.php?id=100047613236901\" \/>\n<meta property=\"article:modified_time\" content=\"2026-02-26T16:15:11+00:00\" \/>\n<meta name=\"twitter:card\" content=\"summary_large_image\" \/>\n<meta name=\"twitter:label1\" content=\"Gesch\u00e4tzte Lesezeit\" \/>\n\t<meta name=\"twitter:data1\" content=\"2 Minuten\" \/>\n<script type=\"application\/ld+json\" class=\"yoast-schema-graph\">{\"@context\":\"https:\/\/schema.org\",\"@graph\":[{\"@type\":\"WebPage\",\"@id\":\"https:\/\/www.martinihof-faakersee.at\/?page_id=592\",\"url\":\"https:\/\/www.martinihof-faakersee.at\/?page_id=592\",\"name\":\"Wohnen & Schlafen - Martinihof-Faakersee\",\"isPartOf\":{\"@id\":\"https:\/\/www.martinihof-faakersee.at\/#website\"},\"datePublished\":\"2014-07-09T15:49:22+00:00\",\"dateModified\":\"2026-02-26T16:15:11+00:00\",\"breadcrumb\":{\"@id\":\"https:\/\/www.martinihof-faakersee.at\/?page_id=592#breadcrumb\"},\"inLanguage\":\"de-AT\",\"potentialAction\":[{\"@type\":\"ReadAction\",\"target\":[\"https:\/\/www.martinihof-faakersee.at\/?page_id=592\"]}]},{\"@type\":\"BreadcrumbList\",\"@id\":\"https:\/\/www.martinihof-faakersee.at\/?page_id=592#breadcrumb\",\"itemListElement\":[{\"@type\":\"ListItem\",\"position\":1,\"name\":\"Startseite\",\"item\":\"https:\/\/www.martinihof-faakersee.at\/\"},{\"@type\":\"ListItem\",\"position\":2,\"name\":\"Wohnen &#038; Schlafen\"}]},{\"@type\":\"WebSite\",\"@id\":\"https:\/\/www.martinihof-faakersee.at\/#website\",\"url\":\"https:\/\/www.martinihof-faakersee.at\/\",\"name\":\"Martinihof-Faakersee\",\"description\":\"Gasthof-Pension-Fewo Martinihof\",\"publisher\":{\"@id\":\"https:\/\/www.martinihof-faakersee.at\/#organization\"},\"potentialAction\":[{\"@type\":\"SearchAction\",\"target\":{\"@type\":\"EntryPoint\",\"urlTemplate\":\"https:\/\/www.martinihof-faakersee.at\/?s={search_term_string}\"},\"query-input\":{\"@type\":\"PropertyValueSpecification\",\"valueRequired\":true,\"valueName\":\"search_term_string\"}}],\"inLanguage\":\"de-AT\"},{\"@type\":\"Organization\",\"@id\":\"https:\/\/www.martinihof-faakersee.at\/#organization\",\"name\":\"Martinihof-Faakersee\",\"url\":\"https:\/\/www.martinihof-faakersee.at\/\",\"logo\":{\"@type\":\"ImageObject\",\"inLanguage\":\"de-AT\",\"@id\":\"https:\/\/www.martinihof-faakersee.at\/#\/schema\/logo\/image\/\",\"url\":\"https:\/\/www.martinihof-faakersee.at\/wp-content\/uploads\/2023\/04\/martinihof_logo-removebg-preview.png\",\"contentUrl\":\"https:\/\/www.martinihof-faakersee.at\/wp-content\/uploads\/2023\/04\/martinihof_logo-removebg-preview.png\",\"width\":613,\"height\":212,\"caption\":\"Martinihof-Faakersee\"},\"image\":{\"@id\":\"https:\/\/www.martinihof-faakersee.at\/#\/schema\/logo\/image\/\"},\"sameAs\":[\"https:\/\/www.facebook.com\/profile.php?id=100047613236901\"]}]}<\/script>\n<!-- \/ Yoast SEO plugin. -->","yoast_head_json":{"title":"Wohnen & Schlafen - Martinihof-Faakersee","robots":{"index":"index","follow":"follow","max-snippet":"max-snippet:-1","max-image-preview":"max-image-preview:large","max-video-preview":"max-video-preview:-1"},"canonical":"https:\/\/www.martinihof-faakersee.at\/?page_id=592","og_locale":"de_DE","og_type":"article","og_title":"Wohnen & Schlafen - Martinihof-Faakersee","og_description":"Wir bieten unseren Hausg\u00e4sten:","og_url":"https:\/\/www.martinihof-faakersee.at\/?page_id=592","og_site_name":"Martinihof-Faakersee","article_publisher":"https:\/\/www.facebook.com\/profile.php?id=100047613236901","article_modified_time":"2026-02-26T16:15:11+00:00","twitter_card":"summary_large_image","twitter_misc":{"Gesch\u00e4tzte Lesezeit":"2 Minuten"},"schema":{"@context":"https:\/\/schema.org","@graph":[{"@type":"WebPage","@id":"https:\/\/www.martinihof-faakersee.at\/?page_id=592","url":"https:\/\/www.martinihof-faakersee.at\/?page_id=592","name":"Wohnen & Schlafen - Martinihof-Faakersee","isPartOf":{"@id":"https:\/\/www.martinihof-faakersee.at\/#website"},"datePublished":"2014-07-09T15:49:22+00:00","dateModified":"2026-02-26T16:15:11+00:00","breadcrumb":{"@id":"https:\/\/www.martinihof-faakersee.at\/?page_id=592#breadcrumb"},"inLanguage":"de-AT","potentialAction":[{"@type":"ReadAction","target":["https:\/\/www.martinihof-faakersee.at\/?page_id=592"]}]},{"@type":"BreadcrumbList","@id":"https:\/\/www.martinihof-faakersee.at\/?page_id=592#breadcrumb","itemListElement":[{"@type":"ListItem","position":1,"name":"Startseite","item":"https:\/\/www.martinihof-faakersee.at\/"},{"@type":"ListItem","position":2,"name":"Wohnen &#038; Schlafen"}]},{"@type":"WebSite","@id":"https:\/\/www.martinihof-faakersee.at\/#website","url":"https:\/\/www.martinihof-faakersee.at\/","name":"Martinihof-Faakersee","description":"Gasthof-Pension-Fewo Martinihof","publisher":{"@id":"https:\/\/www.martinihof-faakersee.at\/#organization"},"potentialAction":[{"@type":"SearchAction","target":{"@type":"EntryPoint","urlTemplate":"https:\/\/www.martinihof-faakersee.at\/?s={search_term_string}"},"query-input":{"@type":"PropertyValueSpecification","valueRequired":true,"valueName":"search_term_string"}}],"inLanguage":"de-AT"},{"@type":"Organization","@id":"https:\/\/www.martinihof-faakersee.at\/#organization","name":"Martinihof-Faakersee","url":"https:\/\/www.martinihof-faakersee.at\/","logo":{"@type":"ImageObject","inLanguage":"de-AT","@id":"https:\/\/www.martinihof-faakersee.at\/#\/schema\/logo\/image\/","url":"https:\/\/www.martinihof-faakersee.at\/wp-content\/uploads\/2023\/04\/martinihof_logo-removebg-preview.png","contentUrl":"https:\/\/www.martinihof-faakersee.at\/wp-content\/uploads\/2023\/04\/martinihof_logo-removebg-preview.png","width":613,"height":212,"caption":"Martinihof-Faakersee"},"image":{"@id":"https:\/\/www.martinihof-faakersee.at\/#\/schema\/logo\/image\/"},"sameAs":["https:\/\/www.facebook.com\/profile.php?id=100047613236901"]}]}},"_links":{"self":[{"href":"https:\/\/www.martinihof-faakersee.at\/index.php?rest_route=\/wp\/v2\/pages\/592","targetHints":{"allow":["GET"]}}],"collection":[{"href":"https:\/\/www.martinihof-faakersee.at\/index.php?rest_route=\/wp\/v2\/pages"}],"about":[{"href":"https:\/\/www.martinihof-faakersee.at\/index.php?rest_route=\/wp\/v2\/types\/page"}],"author":[{"embeddable":true,"href":"https:\/\/www.martinihof-faakersee.at\/index.php?rest_route=\/wp\/v2\/users\/1"}],"replies":[{"embeddable":true,"href":"https:\/\/www.martinihof-faakersee.at\/index.php?rest_route=%2Fwp%2Fv2%2Fcomments&post=592"}],"version-history":[{"count":108,"href":"https:\/\/www.martinihof-faakersee.at\/index.php?rest_route=\/wp\/v2\/pages\/592\/revisions"}],"predecessor-version":[{"id":1779,"href":"https:\/\/www.martinihof-faakersee.at\/index.php?rest_route=\/wp\/v2\/pages\/592\/revisions\/1779"}],"wp:attachment":[{"href":"https:\/\/www.martinihof-faakersee.at\/index.php?rest_route=%2Fwp%2Fv2%2Fmedia&parent=592"}],"curies":[{"name":"wp","href":"https:\/\/api.w.org\/{rel}","templated":true}]}}