{"id":1338,"date":"2023-05-05T07:45:46","date_gmt":"2023-05-05T05:45:46","guid":{"rendered":"https:\/\/www.martinihof-faakersee.at\/?page_id=1338"},"modified":"2024-01-18T12:52:34","modified_gmt":"2024-01-18T11:52:34","slug":"datenschutz","status":"publish","type":"page","link":"https:\/\/www.martinihof-faakersee.at\/?page_id=1338","title":{"rendered":"Datenschutz"},"content":{"rendered":"<section  class='av_textblock_section av-lrj5e5rz-1a2a25d39f1423a1e7e5f519531b4857'  itemscope=\"itemscope\" itemtype=\"https:\/\/schema.org\/CreativeWork\" ><div class='avia_textblock'  itemprop=\"text\" ><h3><strong>Erkl\u00e4rung zur Informationspflicht f\u00fcr Webseiten<\/strong><\/h3>\n<p>Der Schutz Ihrer pers\u00f6nlichen Daten ist uns ein besonderes Anliegen. Wir verarbeiten Ihre Daten daher ausschlie\u00dflich auf Grundlage der gesetzlichen Bestimmungen (DSGVO, TKG 2003). In diesen Datenschutzinformationen informieren wir Sie \u00fcber die wichtigsten Aspekte der Datenverarbeitung im Rahmen unserer Website.<\/p>\n<p><strong>Kontakt mit uns<\/strong><br \/>\nWenn Sie per Formular auf der Website oder per E-Mail Kontakt mit uns aufnehmen, werden Ihre angegebenen Daten zwecks Bearbeitung der Anfrage und f\u00fcr den Fall von Anschlussfragen sechs Monate bei uns gespeichert. Diese Daten geben wir nicht ohne Ihre Einwilligung weiter.<\/p>\n<p>Die Daten Name, Anschrift, gekaufte Waren und Kaufdatum werden dar\u00fcber hinaus gehend bis zum Ablauf der Produkthaftung (10 Jahre) gespeichert. Die Datenverarbeitung erfolgt auf Basis der gesetzlichen Bestimmungen des \u00a7 96 Abs 3 TKG sowie des Art 6 Abs 1 lit a (Einwilligung) und\/oder lit b (notwendig zur Vertragserf\u00fcllung) der DSGVO.<\/p>\n<p><strong>Cookies<\/strong><br \/>\nUnsere Website verwendet so genannte Cookies. Dabei handelt es sich um kleine Textdateien, die mit Hilfe des Browsers auf Ihrem Endger\u00e4t abgelegt werden. Sie richten keinen Schaden an.<br \/>\nWir nutzen Cookies dazu, unser Angebot nutzerfreundlich zu gestalten. Einige Cookies bleiben auf Ihrem Endger\u00e4t gespeichert, bis Sie diese l\u00f6schen. Sie erm\u00f6glichen es uns, Ihren Browser beim n\u00e4chsten Besuch wiederzuerkennen.<br \/>\nWenn Sie dies nicht w\u00fcnschen, so k\u00f6nnen Sie Ihren Browser so einrichten, dass er Sie \u00fcber das Setzen von Cookies informiert und Sie dies nur im Einzelfall erlauben.<br \/>\nBei der Deaktivierung von Cookies kann die Funktionalit\u00e4t unserer Website eingeschr\u00e4nkt sein.<\/p>\n<p><strong>Web-Analyse<\/strong><br \/>\nUnsere Website verwendet Funktionen des Webanalysedienstes Google Analytics. Dazu werden Cookies verwendet, die eine Analyse der Benutzung der Website durch Ihre Benutzer erm\u00f6glicht. Die dadurch erzeugten Informationen werden auf den Server des Anbieters \u00fcbertragen und dort gespeichert.<br \/>\nSie k\u00f6nnen dies verhindern, indem Sie Ihren Browser so einrichten, dass keine Cookies gespeichert werden.<br \/>\nWir haben mit dem Anbieter einen entsprechenden Vertrag zur Auftragsdatenverarbeitung abgeschlossen.<br \/>\nDie Datenverarbeitung erfolgt auf Basis der gesetzlichen Bestimmungen des \u00a7 96 Abs 3 TKG sowie des Art 6 Abs 1 lit a (Einwilligung) und\/oder f (berechtigtes Interesse) der DSGVO.<br \/>\nUnser Anliegen im Sinne der DSGVO (berechtigtes Interesse) ist die Verbesserung unseres Angebotes und unseres Webauftritts. Da uns die Privatsph\u00e4re unserer Nutzer wichtig ist, werden die Nutzerdaten pseudonymisiert.<br \/>\nDie Nutzerdaten werden f\u00fcr die Dauer von 24 Monaten aufbewahrt.<\/p>\n<p><strong>Ihre Rechte<\/strong><br \/>\nIhnen stehen grunds\u00e4tzlich die Rechte auf Auskunft, Berichtigung, L\u00f6schung, Einschr\u00e4nkung, Daten\u00fcbertragbarkeit, Widerruf und Widerspruch zu. Wenn Sie glauben, dass die Verarbeitung Ihrer Daten gegen das Datenschutzrecht verst\u00f6\u00dft oder Ihre datenschutzrechtlichen Anspr\u00fcche sonst in einer Weise verletzt worden sind, k\u00f6nnen Sie sich bei der Aufsichtsbeh\u00f6rde beschweren. In \u00d6sterreich ist dies die Datenschutzbeh\u00f6rde.<\/p>\n<p><strong>Sie erreichen uns unter folgenden Kontaktdaten:<\/strong><\/p>\n<p>Hubert Schaunig<br \/>\nUntergreuth 1<br \/>\n9582 Latschach<br \/>\nE: info@martinihof-faakersee.at<\/p>\n<\/div><\/section>\n","protected":false},"excerpt":{"rendered":"","protected":false},"author":1,"featured_media":0,"parent":0,"menu_order":0,"comment_status":"closed","ping_status":"closed","template":"","meta":{"footnotes":""},"class_list":["post-1338","page","type-page","status-publish","hentry"],"yoast_head":"<!-- This site is optimized with the Yoast SEO plugin v27.0 - https:\/\/yoast.com\/product\/yoast-seo-wordpress\/ -->\n<title>Datenschutz - Martinihof-Faakersee<\/title>\n<meta name=\"robots\" content=\"index, follow, max-snippet:-1, max-image-preview:large, max-video-preview:-1\" \/>\n<link rel=\"canonical\" href=\"https:\/\/www.martinihof-faakersee.at\/?page_id=1338\" \/>\n<meta property=\"og:locale\" content=\"de_DE\" \/>\n<meta property=\"og:type\" content=\"article\" \/>\n<meta property=\"og:title\" content=\"Datenschutz - Martinihof-Faakersee\" \/>\n<meta property=\"og:url\" content=\"https:\/\/www.martinihof-faakersee.at\/?page_id=1338\" \/>\n<meta property=\"og:site_name\" content=\"Martinihof-Faakersee\" \/>\n<meta property=\"article:publisher\" content=\"https:\/\/www.facebook.com\/profile.php?id=100047613236901\" \/>\n<meta property=\"article:modified_time\" content=\"2024-01-18T11:52:34+00:00\" \/>\n<meta name=\"twitter:card\" content=\"summary_large_image\" \/>\n<meta name=\"twitter:label1\" content=\"Gesch\u00e4tzte Lesezeit\" \/>\n\t<meta name=\"twitter:data1\" content=\"3 Minuten\" \/>\n<script type=\"application\/ld+json\" class=\"yoast-schema-graph\">{\"@context\":\"https:\/\/schema.org\",\"@graph\":[{\"@type\":\"WebPage\",\"@id\":\"https:\/\/www.martinihof-faakersee.at\/?page_id=1338\",\"url\":\"https:\/\/www.martinihof-faakersee.at\/?page_id=1338\",\"name\":\"Datenschutz - Martinihof-Faakersee\",\"isPartOf\":{\"@id\":\"https:\/\/www.martinihof-faakersee.at\/#website\"},\"datePublished\":\"2023-05-05T05:45:46+00:00\",\"dateModified\":\"2024-01-18T11:52:34+00:00\",\"breadcrumb\":{\"@id\":\"https:\/\/www.martinihof-faakersee.at\/?page_id=1338#breadcrumb\"},\"inLanguage\":\"de-AT\",\"potentialAction\":[{\"@type\":\"ReadAction\",\"target\":[\"https:\/\/www.martinihof-faakersee.at\/?page_id=1338\"]}]},{\"@type\":\"BreadcrumbList\",\"@id\":\"https:\/\/www.martinihof-faakersee.at\/?page_id=1338#breadcrumb\",\"itemListElement\":[{\"@type\":\"ListItem\",\"position\":1,\"name\":\"Startseite\",\"item\":\"https:\/\/www.martinihof-faakersee.at\/\"},{\"@type\":\"ListItem\",\"position\":2,\"name\":\"Datenschutz\"}]},{\"@type\":\"WebSite\",\"@id\":\"https:\/\/www.martinihof-faakersee.at\/#website\",\"url\":\"https:\/\/www.martinihof-faakersee.at\/\",\"name\":\"Martinihof-Faakersee\",\"description\":\"Gasthof-Pension-Fewo Martinihof\",\"publisher\":{\"@id\":\"https:\/\/www.martinihof-faakersee.at\/#organization\"},\"potentialAction\":[{\"@type\":\"SearchAction\",\"target\":{\"@type\":\"EntryPoint\",\"urlTemplate\":\"https:\/\/www.martinihof-faakersee.at\/?s={search_term_string}\"},\"query-input\":{\"@type\":\"PropertyValueSpecification\",\"valueRequired\":true,\"valueName\":\"search_term_string\"}}],\"inLanguage\":\"de-AT\"},{\"@type\":\"Organization\",\"@id\":\"https:\/\/www.martinihof-faakersee.at\/#organization\",\"name\":\"Martinihof-Faakersee\",\"url\":\"https:\/\/www.martinihof-faakersee.at\/\",\"logo\":{\"@type\":\"ImageObject\",\"inLanguage\":\"de-AT\",\"@id\":\"https:\/\/www.martinihof-faakersee.at\/#\/schema\/logo\/image\/\",\"url\":\"https:\/\/www.martinihof-faakersee.at\/wp-content\/uploads\/2023\/04\/martinihof_logo-removebg-preview.png\",\"contentUrl\":\"https:\/\/www.martinihof-faakersee.at\/wp-content\/uploads\/2023\/04\/martinihof_logo-removebg-preview.png\",\"width\":613,\"height\":212,\"caption\":\"Martinihof-Faakersee\"},\"image\":{\"@id\":\"https:\/\/www.martinihof-faakersee.at\/#\/schema\/logo\/image\/\"},\"sameAs\":[\"https:\/\/www.facebook.com\/profile.php?id=100047613236901\"]}]}<\/script>\n<!-- \/ Yoast SEO plugin. -->","yoast_head_json":{"title":"Datenschutz - Martinihof-Faakersee","robots":{"index":"index","follow":"follow","max-snippet":"max-snippet:-1","max-image-preview":"max-image-preview:large","max-video-preview":"max-video-preview:-1"},"canonical":"https:\/\/www.martinihof-faakersee.at\/?page_id=1338","og_locale":"de_DE","og_type":"article","og_title":"Datenschutz - Martinihof-Faakersee","og_url":"https:\/\/www.martinihof-faakersee.at\/?page_id=1338","og_site_name":"Martinihof-Faakersee","article_publisher":"https:\/\/www.facebook.com\/profile.php?id=100047613236901","article_modified_time":"2024-01-18T11:52:34+00:00","twitter_card":"summary_large_image","twitter_misc":{"Gesch\u00e4tzte Lesezeit":"3 Minuten"},"schema":{"@context":"https:\/\/schema.org","@graph":[{"@type":"WebPage","@id":"https:\/\/www.martinihof-faakersee.at\/?page_id=1338","url":"https:\/\/www.martinihof-faakersee.at\/?page_id=1338","name":"Datenschutz - Martinihof-Faakersee","isPartOf":{"@id":"https:\/\/www.martinihof-faakersee.at\/#website"},"datePublished":"2023-05-05T05:45:46+00:00","dateModified":"2024-01-18T11:52:34+00:00","breadcrumb":{"@id":"https:\/\/www.martinihof-faakersee.at\/?page_id=1338#breadcrumb"},"inLanguage":"de-AT","potentialAction":[{"@type":"ReadAction","target":["https:\/\/www.martinihof-faakersee.at\/?page_id=1338"]}]},{"@type":"BreadcrumbList","@id":"https:\/\/www.martinihof-faakersee.at\/?page_id=1338#breadcrumb","itemListElement":[{"@type":"ListItem","position":1,"name":"Startseite","item":"https:\/\/www.martinihof-faakersee.at\/"},{"@type":"ListItem","position":2,"name":"Datenschutz"}]},{"@type":"WebSite","@id":"https:\/\/www.martinihof-faakersee.at\/#website","url":"https:\/\/www.martinihof-faakersee.at\/","name":"Martinihof-Faakersee","description":"Gasthof-Pension-Fewo Martinihof","publisher":{"@id":"https:\/\/www.martinihof-faakersee.at\/#organization"},"potentialAction":[{"@type":"SearchAction","target":{"@type":"EntryPoint","urlTemplate":"https:\/\/www.martinihof-faakersee.at\/?s={search_term_string}"},"query-input":{"@type":"PropertyValueSpecification","valueRequired":true,"valueName":"search_term_string"}}],"inLanguage":"de-AT"},{"@type":"Organization","@id":"https:\/\/www.martinihof-faakersee.at\/#organization","name":"Martinihof-Faakersee","url":"https:\/\/www.martinihof-faakersee.at\/","logo":{"@type":"ImageObject","inLanguage":"de-AT","@id":"https:\/\/www.martinihof-faakersee.at\/#\/schema\/logo\/image\/","url":"https:\/\/www.martinihof-faakersee.at\/wp-content\/uploads\/2023\/04\/martinihof_logo-removebg-preview.png","contentUrl":"https:\/\/www.martinihof-faakersee.at\/wp-content\/uploads\/2023\/04\/martinihof_logo-removebg-preview.png","width":613,"height":212,"caption":"Martinihof-Faakersee"},"image":{"@id":"https:\/\/www.martinihof-faakersee.at\/#\/schema\/logo\/image\/"},"sameAs":["https:\/\/www.facebook.com\/profile.php?id=100047613236901"]}]}},"_links":{"self":[{"href":"https:\/\/www.martinihof-faakersee.at\/index.php?rest_route=\/wp\/v2\/pages\/1338","targetHints":{"allow":["GET"]}}],"collection":[{"href":"https:\/\/www.martinihof-faakersee.at\/index.php?rest_route=\/wp\/v2\/pages"}],"about":[{"href":"https:\/\/www.martinihof-faakersee.at\/index.php?rest_route=\/wp\/v2\/types\/page"}],"author":[{"embeddable":true,"href":"https:\/\/www.martinihof-faakersee.at\/index.php?rest_route=\/wp\/v2\/users\/1"}],"replies":[{"embeddable":true,"href":"https:\/\/www.martinihof-faakersee.at\/index.php?rest_route=%2Fwp%2Fv2%2Fcomments&post=1338"}],"version-history":[{"count":3,"href":"https:\/\/www.martinihof-faakersee.at\/index.php?rest_route=\/wp\/v2\/pages\/1338\/revisions"}],"predecessor-version":[{"id":1389,"href":"https:\/\/www.martinihof-faakersee.at\/index.php?rest_route=\/wp\/v2\/pages\/1338\/revisions\/1389"}],"wp:attachment":[{"href":"https:\/\/www.martinihof-faakersee.at\/index.php?rest_route=%2Fwp%2Fv2%2Fmedia&parent=1338"}],"curies":[{"name":"wp","href":"https:\/\/api.w.org\/{rel}","templated":true}]}}