{"id":1148,"date":"2023-04-06T11:33:51","date_gmt":"2023-04-06T09:33:51","guid":{"rendered":"https:\/\/www.martinihof-faakersee.at\/?page_id=1148"},"modified":"2026-04-14T12:19:20","modified_gmt":"2026-04-14T10:19:20","slug":"oeffnungszeiten","status":"publish","type":"page","link":"https:\/\/www.martinihof-faakersee.at\/?page_id=1148","title":{"rendered":"\u00d6ffnungszeiten"},"content":{"rendered":"\n<style type=\"text\/css\" data-created_by=\"avia_inline_auto\" id=\"style-css-av-47umq4-272a90be0f6e60ffdace168164aa91d6\">\n.avia-section.av-47umq4-272a90be0f6e60ffdace168164aa91d6 .av-parallax .av-parallax-inner{\nbackground-repeat:no-repeat;\nbackground-image:url(https:\/\/www.martinihof-faakersee.at\/wp-content\/uploads\/2023\/04\/DSC_0143.jpg);\nbackground-position:50% 50%;\nbackground-attachment:scroll;\n}\n<\/style>\n<div id='av_section_1'  class='avia-section av-47umq4-272a90be0f6e60ffdace168164aa91d6 main_color avia-section-default avia-no-shadow  avia-builder-el-0  el_before_av_one_full  avia-builder-el-first  avia-full-stretch av-parallax-section avia-bg-style-parallax container_wrap fullsize'  data-section-bg-repeat='stretch'><div class='av-parallax' data-avia-parallax-ratio='0.3' ><div class='av-parallax-inner main_color avia-full-stretch'><\/div><\/div><div class='container av-section-cont-open' ><main  role=\"main\" itemprop=\"mainContentOfPage\"  class='template-page content  av-content-full alpha units'><div class='post-entry post-entry-type-page post-entry-1148'><div class='entry-content-wrapper clearfix'><\/div><\/div><\/main><!-- close content main element --><\/div><\/div><div id='after_section_1'  class='main_color av_default_container_wrap container_wrap fullsize'  ><div class='container av-section-cont-open' ><div class='template-page content  av-content-full alpha units'><div class='post-entry post-entry-type-page post-entry-1148'><div class='entry-content-wrapper clearfix'>\n<div class='flex_column av-2f33jg-cb90e3f7312560a3a59e4d84fff47fa7 av_one_full  avia-builder-el-1  el_after_av_section  avia-builder-el-no-sibling  first flex_column_div '     ><section  class='av_textblock_section av-lg4x7yqr-e6bb0e03cf7f18cecce0a7ab3bfcae45'  itemscope=\"itemscope\" itemtype=\"https:\/\/schema.org\/CreativeWork\" ><div class='avia_textblock'  itemprop=\"text\" ><h3><strong>Liebe Freunde, liebe G\u00e4ste!<\/strong><\/h3>\n<h3>Der Martinihof ist<\/h3>\n<p>vorerst wie gewohnt<\/p>\n<h3>Donnerstags, Freitags und Samstags ab 16 Uhr,<\/h3>\n<h3><span style=\"color: #ff0000;\">Sonntags<\/span> von 10 bis mindestens 15 Uhr ge\u00f6ffnet.<\/h3>\n<h3><span style=\"color: #ff0000;\">Warme K\u00fcche<\/span><\/h3>\n<p>Donnerstag, Freitag und Samstag von 17 bis 19 30 Uhr und am<\/p>\n<p>Sonntag von 12 bis 14 Uhr.<\/p>\n<p>Wir freuen uns \u00fcber Eure Reservierung!<\/p>\n<p><span style=\"color: #ff0000; font-size: 20px; font-weight: 600;\">(Reservierung unter der Telefonnummer 0043 4254 2936)<\/span><\/p>\n<h3>F\u00fcr Feiern, Taufen, Geburtstage, Hochzeiten etc. \u00f6ffnen wir bei Voranmeldung auch zwischendurch.<\/h3>\n<h3><strong>Wir ersuchen um Verst\u00e4ndnis f\u00fcr diese \u00d6ffnungszeiten<\/strong><\/h3>\n<p><strong>Die Wirtsleute<\/strong> <strong>Elisabeth und Hubert mit Mitarbeitern<\/strong><\/p>\n<\/div><\/section><\/div>\n","protected":false},"excerpt":{"rendered":"","protected":false},"author":1,"featured_media":0,"parent":0,"menu_order":0,"comment_status":"closed","ping_status":"closed","template":"","meta":{"footnotes":""},"class_list":["post-1148","page","type-page","status-publish","hentry"],"yoast_head":"<!-- This site is optimized with the Yoast SEO plugin v27.0 - https:\/\/yoast.com\/product\/yoast-seo-wordpress\/ -->\n<title>\u00d6ffnungszeiten - Martinihof-Faakersee<\/title>\n<meta name=\"robots\" content=\"index, follow, max-snippet:-1, max-image-preview:large, max-video-preview:-1\" \/>\n<link rel=\"canonical\" href=\"https:\/\/www.martinihof-faakersee.at\/?page_id=1148\" \/>\n<meta property=\"og:locale\" content=\"de_DE\" \/>\n<meta property=\"og:type\" content=\"article\" \/>\n<meta property=\"og:title\" content=\"\u00d6ffnungszeiten - Martinihof-Faakersee\" \/>\n<meta property=\"og:url\" content=\"https:\/\/www.martinihof-faakersee.at\/?page_id=1148\" \/>\n<meta property=\"og:site_name\" content=\"Martinihof-Faakersee\" \/>\n<meta property=\"article:publisher\" content=\"https:\/\/www.facebook.com\/profile.php?id=100047613236901\" \/>\n<meta property=\"article:modified_time\" content=\"2026-04-14T10:19:20+00:00\" \/>\n<meta name=\"twitter:card\" content=\"summary_large_image\" \/>\n<meta name=\"twitter:label1\" content=\"Gesch\u00e4tzte Lesezeit\" \/>\n\t<meta name=\"twitter:data1\" content=\"1 Minute\" \/>\n<script type=\"application\/ld+json\" class=\"yoast-schema-graph\">{\"@context\":\"https:\/\/schema.org\",\"@graph\":[{\"@type\":\"WebPage\",\"@id\":\"https:\/\/www.martinihof-faakersee.at\/?page_id=1148\",\"url\":\"https:\/\/www.martinihof-faakersee.at\/?page_id=1148\",\"name\":\"\u00d6ffnungszeiten - Martinihof-Faakersee\",\"isPartOf\":{\"@id\":\"https:\/\/www.martinihof-faakersee.at\/#website\"},\"datePublished\":\"2023-04-06T09:33:51+00:00\",\"dateModified\":\"2026-04-14T10:19:20+00:00\",\"breadcrumb\":{\"@id\":\"https:\/\/www.martinihof-faakersee.at\/?page_id=1148#breadcrumb\"},\"inLanguage\":\"de-AT\",\"potentialAction\":[{\"@type\":\"ReadAction\",\"target\":[\"https:\/\/www.martinihof-faakersee.at\/?page_id=1148\"]}]},{\"@type\":\"BreadcrumbList\",\"@id\":\"https:\/\/www.martinihof-faakersee.at\/?page_id=1148#breadcrumb\",\"itemListElement\":[{\"@type\":\"ListItem\",\"position\":1,\"name\":\"Startseite\",\"item\":\"https:\/\/www.martinihof-faakersee.at\/\"},{\"@type\":\"ListItem\",\"position\":2,\"name\":\"\u00d6ffnungszeiten\"}]},{\"@type\":\"WebSite\",\"@id\":\"https:\/\/www.martinihof-faakersee.at\/#website\",\"url\":\"https:\/\/www.martinihof-faakersee.at\/\",\"name\":\"Martinihof-Faakersee\",\"description\":\"Gasthof-Pension-Fewo Martinihof\",\"publisher\":{\"@id\":\"https:\/\/www.martinihof-faakersee.at\/#organization\"},\"potentialAction\":[{\"@type\":\"SearchAction\",\"target\":{\"@type\":\"EntryPoint\",\"urlTemplate\":\"https:\/\/www.martinihof-faakersee.at\/?s={search_term_string}\"},\"query-input\":{\"@type\":\"PropertyValueSpecification\",\"valueRequired\":true,\"valueName\":\"search_term_string\"}}],\"inLanguage\":\"de-AT\"},{\"@type\":\"Organization\",\"@id\":\"https:\/\/www.martinihof-faakersee.at\/#organization\",\"name\":\"Martinihof-Faakersee\",\"url\":\"https:\/\/www.martinihof-faakersee.at\/\",\"logo\":{\"@type\":\"ImageObject\",\"inLanguage\":\"de-AT\",\"@id\":\"https:\/\/www.martinihof-faakersee.at\/#\/schema\/logo\/image\/\",\"url\":\"https:\/\/www.martinihof-faakersee.at\/wp-content\/uploads\/2023\/04\/martinihof_logo-removebg-preview.png\",\"contentUrl\":\"https:\/\/www.martinihof-faakersee.at\/wp-content\/uploads\/2023\/04\/martinihof_logo-removebg-preview.png\",\"width\":613,\"height\":212,\"caption\":\"Martinihof-Faakersee\"},\"image\":{\"@id\":\"https:\/\/www.martinihof-faakersee.at\/#\/schema\/logo\/image\/\"},\"sameAs\":[\"https:\/\/www.facebook.com\/profile.php?id=100047613236901\"]}]}<\/script>\n<!-- \/ Yoast SEO plugin. -->","yoast_head_json":{"title":"\u00d6ffnungszeiten - Martinihof-Faakersee","robots":{"index":"index","follow":"follow","max-snippet":"max-snippet:-1","max-image-preview":"max-image-preview:large","max-video-preview":"max-video-preview:-1"},"canonical":"https:\/\/www.martinihof-faakersee.at\/?page_id=1148","og_locale":"de_DE","og_type":"article","og_title":"\u00d6ffnungszeiten - Martinihof-Faakersee","og_url":"https:\/\/www.martinihof-faakersee.at\/?page_id=1148","og_site_name":"Martinihof-Faakersee","article_publisher":"https:\/\/www.facebook.com\/profile.php?id=100047613236901","article_modified_time":"2026-04-14T10:19:20+00:00","twitter_card":"summary_large_image","twitter_misc":{"Gesch\u00e4tzte Lesezeit":"1 Minute"},"schema":{"@context":"https:\/\/schema.org","@graph":[{"@type":"WebPage","@id":"https:\/\/www.martinihof-faakersee.at\/?page_id=1148","url":"https:\/\/www.martinihof-faakersee.at\/?page_id=1148","name":"\u00d6ffnungszeiten - Martinihof-Faakersee","isPartOf":{"@id":"https:\/\/www.martinihof-faakersee.at\/#website"},"datePublished":"2023-04-06T09:33:51+00:00","dateModified":"2026-04-14T10:19:20+00:00","breadcrumb":{"@id":"https:\/\/www.martinihof-faakersee.at\/?page_id=1148#breadcrumb"},"inLanguage":"de-AT","potentialAction":[{"@type":"ReadAction","target":["https:\/\/www.martinihof-faakersee.at\/?page_id=1148"]}]},{"@type":"BreadcrumbList","@id":"https:\/\/www.martinihof-faakersee.at\/?page_id=1148#breadcrumb","itemListElement":[{"@type":"ListItem","position":1,"name":"Startseite","item":"https:\/\/www.martinihof-faakersee.at\/"},{"@type":"ListItem","position":2,"name":"\u00d6ffnungszeiten"}]},{"@type":"WebSite","@id":"https:\/\/www.martinihof-faakersee.at\/#website","url":"https:\/\/www.martinihof-faakersee.at\/","name":"Martinihof-Faakersee","description":"Gasthof-Pension-Fewo Martinihof","publisher":{"@id":"https:\/\/www.martinihof-faakersee.at\/#organization"},"potentialAction":[{"@type":"SearchAction","target":{"@type":"EntryPoint","urlTemplate":"https:\/\/www.martinihof-faakersee.at\/?s={search_term_string}"},"query-input":{"@type":"PropertyValueSpecification","valueRequired":true,"valueName":"search_term_string"}}],"inLanguage":"de-AT"},{"@type":"Organization","@id":"https:\/\/www.martinihof-faakersee.at\/#organization","name":"Martinihof-Faakersee","url":"https:\/\/www.martinihof-faakersee.at\/","logo":{"@type":"ImageObject","inLanguage":"de-AT","@id":"https:\/\/www.martinihof-faakersee.at\/#\/schema\/logo\/image\/","url":"https:\/\/www.martinihof-faakersee.at\/wp-content\/uploads\/2023\/04\/martinihof_logo-removebg-preview.png","contentUrl":"https:\/\/www.martinihof-faakersee.at\/wp-content\/uploads\/2023\/04\/martinihof_logo-removebg-preview.png","width":613,"height":212,"caption":"Martinihof-Faakersee"},"image":{"@id":"https:\/\/www.martinihof-faakersee.at\/#\/schema\/logo\/image\/"},"sameAs":["https:\/\/www.facebook.com\/profile.php?id=100047613236901"]}]}},"_links":{"self":[{"href":"https:\/\/www.martinihof-faakersee.at\/index.php?rest_route=\/wp\/v2\/pages\/1148","targetHints":{"allow":["GET"]}}],"collection":[{"href":"https:\/\/www.martinihof-faakersee.at\/index.php?rest_route=\/wp\/v2\/pages"}],"about":[{"href":"https:\/\/www.martinihof-faakersee.at\/index.php?rest_route=\/wp\/v2\/types\/page"}],"author":[{"embeddable":true,"href":"https:\/\/www.martinihof-faakersee.at\/index.php?rest_route=\/wp\/v2\/users\/1"}],"replies":[{"embeddable":true,"href":"https:\/\/www.martinihof-faakersee.at\/index.php?rest_route=%2Fwp%2Fv2%2Fcomments&post=1148"}],"version-history":[{"count":47,"href":"https:\/\/www.martinihof-faakersee.at\/index.php?rest_route=\/wp\/v2\/pages\/1148\/revisions"}],"predecessor-version":[{"id":1801,"href":"https:\/\/www.martinihof-faakersee.at\/index.php?rest_route=\/wp\/v2\/pages\/1148\/revisions\/1801"}],"wp:attachment":[{"href":"https:\/\/www.martinihof-faakersee.at\/index.php?rest_route=%2Fwp%2Fv2%2Fmedia&parent=1148"}],"curies":[{"name":"wp","href":"https:\/\/api.w.org\/{rel}","templated":true}]}}